{"id":572,"date":"2021-06-18T06:33:33","date_gmt":"2021-06-18T06:33:33","guid":{"rendered":"https:\/\/xn--tnismestuudio-ffb4w.ee\/?page_id=572"},"modified":"2024-09-11T11:13:56","modified_gmt":"2024-09-11T08:13:56","slug":"home","status":"publish","type":"page","link":"https:\/\/t\u00f5nism\u00e4estuudio.ee\/","title":{"rendered":"T\u00f5nism\u00e4e Stuudio"},"content":{"rendered":"\n<div class=\"wp-block-columns is-layout-flex wp-container-core-columns-is-layout-28f84493 wp-block-columns-is-layout-flex\">\n<div class=\"wp-block-column is-layout-flow wp-block-column-is-layout-flow\">\n<h1 class=\"wp-block-heading\">T\u00f5nism\u00e4e stuudio<\/h1>\n<\/div>\n\n\n\n<div class=\"wp-block-column is-layout-flow wp-block-column-is-layout-flow\">\n<p>Tere tulemast T\u00f5nism\u00e4e stuudiosse. Meie pilatese stuudio on koht, kus p\u00fchendume Sinu tervise ja vormi igak\u00fclgsele toetamisele. Pakume pilatese era- ja r\u00fchmatunde erinevatele tasemetele, mida t\u00e4iendavad professionaalsed osteopaatia- ja kinesioloogiateenused. Meie spetsialistid teevad tihedat koost\u00f6\u00f6d, et pakkuda Sulle parimat, l\u00e4htudes just Sinu vajadustest. Me usume, et tervis ja hea vorm on terviklik protsess, kus iga detail loeb. Ootame Sind ja Sinu peret \u2013 teeme koos samme parema tervise enesetunde poole!<\/p>\n\n\n\n<p><strong>Oleme teadlikult r\u00f5\u00f5msad ja terved!<\/strong><br><\/p>\n<\/div>\n<\/div>\n\n\n\n<div class=\"inherit-container-width wp-block-group alignfull has-ast-global-color-5-background-color has-background is-layout-constrained wp-block-group-is-layout-constrained\"><div class=\"wp-block-group__inner-container\">\n<h2 class=\"wp-block-heading has-text-align-center\">Meie valik treeningutest ja teraapiatest<\/h2>\n\n\n\n<p class=\"has-text-align-center\">Et olla f\u00fc\u00fcsiliselt terve ja tugev, tuleb vaimselt olla tasakaalus. Et olla vaimselt tasakaalus, tuleb olla f\u00fc\u00fcsiliselt tugev.<\/p>\n\n\n\n<div class=\"wp-block-columns is-layout-flex wp-container-core-columns-is-layout-28f84493 wp-block-columns-is-layout-flex\">\n<div class=\"wp-block-column is-layout-flow wp-block-column-is-layout-flow\">\n<figure class=\"wp-block-image size-large\"><img loading=\"lazy\" decoding=\"async\" width=\"1024\" height=\"683\" src=\"https:\/\/xn--tnismestuudio-ffb4w.ee\/wp-content\/uploads\/2023\/11\/pilatese-treeningsusteem_ryhm_2-1024x683.jpg\" alt=\"Pilatese treenings\u00fcsteem seadmetel\" class=\"wp-image-869\" srcset=\"https:\/\/xn--tnismestuudio-ffb4w.ee\/wp-content\/uploads\/2023\/11\/pilatese-treeningsusteem_ryhm_2-1024x683.jpg 1024w, https:\/\/xn--tnismestuudio-ffb4w.ee\/wp-content\/uploads\/2023\/11\/pilatese-treeningsusteem_ryhm_2-300x200.jpg 300w, https:\/\/xn--tnismestuudio-ffb4w.ee\/wp-content\/uploads\/2023\/11\/pilatese-treeningsusteem_ryhm_2-768x512.jpg 768w, https:\/\/xn--tnismestuudio-ffb4w.ee\/wp-content\/uploads\/2023\/11\/pilatese-treeningsusteem_ryhm_2.jpg 1280w\" sizes=\"auto, (max-width: 1024px) 100vw, 1024px\" \/><\/figure>\n\n\n\n<h4 class=\"wp-block-heading has-text-align-center\"><strong>Pilatese treenings\u00fcsteem<\/strong><\/h4>\n\n\n\n<p class=\"has-text-align-center\"><strong>Pilatese treenings\u00fcsteem<\/strong> on kogu keha h\u00f5lmav treening, mis sobib igas vanuses k\u00f5igile nii algajale kui profisportlasele. Treening toimub pilatese seadmetel, mis on kujundatud kogu keha lihastasakaalu arendamiseks, kasutades erinevaid asendeid ja harjutuste valikuid algtasemest kuni meistriklassini. Pilatese seadmete vedrud, rihmad ja gravitatsioon esitavad lihasgruppidele mitmek\u00fclgse v\u00e4ljakutse, keskendudes eriti s\u00fcvalihastele. <\/p>\n\n\n\n<div class=\"wp-block-buttons is-horizontal is-content-justification-center is-layout-flex wp-container-core-buttons-is-layout-03627597 wp-block-buttons-is-layout-flex\">\n<div class=\"wp-block-button is-style-outline is-style-outline--1\"><a class=\"wp-block-button__link wp-element-button\" href=\"https:\/\/t\u00f5nism\u00e4estuudio.ee\/?page_id=781\">registreeru<\/a><\/div>\n<\/div>\n<\/div>\n\n\n\n<div class=\"wp-block-column is-layout-flow wp-block-column-is-layout-flow\">\n<figure class=\"wp-block-image size-large\"><img loading=\"lazy\" decoding=\"async\" width=\"1024\" height=\"683\" src=\"https:\/\/xn--tnismestuudio-ffb4w.ee\/wp-content\/uploads\/2023\/11\/pilates_shutter-1024x683.jpg\" alt=\"Pilatese grupitreeningud T\u00f5nism\u00e4e stuudios\" class=\"wp-image-850\" srcset=\"https:\/\/xn--tnismestuudio-ffb4w.ee\/wp-content\/uploads\/2023\/11\/pilates_shutter-1024x683.jpg 1024w, https:\/\/xn--tnismestuudio-ffb4w.ee\/wp-content\/uploads\/2023\/11\/pilates_shutter-300x200.jpg 300w, https:\/\/xn--tnismestuudio-ffb4w.ee\/wp-content\/uploads\/2023\/11\/pilates_shutter-768x512.jpg 768w, https:\/\/xn--tnismestuudio-ffb4w.ee\/wp-content\/uploads\/2023\/11\/pilates_shutter-1536x1024.jpg 1536w, https:\/\/xn--tnismestuudio-ffb4w.ee\/wp-content\/uploads\/2023\/11\/pilates_shutter-2048x1365.jpg 2048w\" sizes=\"auto, (max-width: 1024px) 100vw, 1024px\" \/><\/figure>\n\n\n\n<h4 class=\"wp-block-heading has-text-align-center\"><strong>Pilatese r\u00fchmatreeningud<\/strong><\/h4>\n\n\n\n<p class=\"has-text-align-center\"><strong>Pilatese r\u00fchmatreeningud<\/strong> on suurep\u00e4rane viis tervise parandamiseks, mis aitab tugevdada keha erinevaid lihasgruppe ja parandab paindlikkust. Pilatese harjutused keskenduvad s\u00fcvalihastele, mis aitavad hoida \u00f5iget  kehahoiakut ja parandada kehatunnetust. Pilatese r\u00fchmatreening on kohandatav erinevatele tasemetele, muutes selle k\u00f5igile k\u00e4ttesaadavaks ja nauditavaks treeninguks.<br>R\u00fchma suurus on piiratud &#8211; kuni 10 inimest! <\/p>\n\n\n\n<div class=\"wp-block-buttons is-horizontal is-content-justification-center is-layout-flex wp-container-core-buttons-is-layout-03627597 wp-block-buttons-is-layout-flex\">\n<div class=\"wp-block-button is-style-outline is-style-outline--2\"><a class=\"wp-block-button__link wp-element-button\" href=\"https:\/\/t\u00f5nism\u00e4estuudio.ee\/?page_id=809\">registreeru<\/a><\/div>\n<\/div>\n<\/div>\n<\/div>\n\n\n\n<p><\/p>\n\n\n\n<div class=\"wp-block-columns is-layout-flex wp-container-core-columns-is-layout-28f84493 wp-block-columns-is-layout-flex\">\n<div class=\"wp-block-column is-layout-flow wp-block-column-is-layout-flow\">\n<figure class=\"wp-block-image alignfull size-full\"><img loading=\"lazy\" decoding=\"async\" width=\"600\" height=\"400\" src=\"https:\/\/xn--tnismestuudio-ffb4w.ee\/wp-content\/uploads\/2022\/07\/osteopaatia-600.jpg\" alt=\"\" class=\"wp-image-688\" srcset=\"https:\/\/xn--tnismestuudio-ffb4w.ee\/wp-content\/uploads\/2022\/07\/osteopaatia-600.jpg 600w, https:\/\/xn--tnismestuudio-ffb4w.ee\/wp-content\/uploads\/2022\/07\/osteopaatia-600-300x200.jpg 300w\" sizes=\"auto, (max-width: 600px) 100vw, 600px\" \/><\/figure>\n\n\n\n<h4 class=\"wp-block-heading has-text-align-center\"><strong>Osteopaatia<\/strong><\/h4>\n\n\n\n<p class=\"has-text-align-center\"><strong>Osteopaatia<\/strong> l\u00e4htub p\u00f5him\u00f5ttest: keha on oma olemuselt isetervenev ning osteopaat aitab kehal neid positiivseid eneseregulatsioonimehhanisme k\u00e4ivitada, taastades niimoodi valutult keha f\u00fcsioloogilise tasakaalu.<br><br><\/p>\n\n\n\n<div class=\"wp-block-buttons is-horizontal is-content-justification-center is-layout-flex wp-container-core-buttons-is-layout-03627597 wp-block-buttons-is-layout-flex\">\n<div class=\"wp-block-button is-style-outline is-style-outline--3\"><a class=\"wp-block-button__link wp-element-button\" href=\"https:\/\/t\u00f5nism\u00e4estuudio.ee\/?page_id=783\">registreeru<\/a><\/div>\n<\/div>\n<\/div>\n\n\n\n<div class=\"wp-block-column is-layout-flow wp-block-column-is-layout-flow\">\n<figure class=\"wp-block-image alignfull size-full\"><img loading=\"lazy\" decoding=\"async\" width=\"600\" height=\"400\" src=\"https:\/\/xn--tnismestuudio-ffb4w.ee\/wp-content\/uploads\/2022\/07\/kinesioloogia-600.jpg\" alt=\"\" class=\"wp-image-689\" srcset=\"https:\/\/xn--tnismestuudio-ffb4w.ee\/wp-content\/uploads\/2022\/07\/kinesioloogia-600.jpg 600w, https:\/\/xn--tnismestuudio-ffb4w.ee\/wp-content\/uploads\/2022\/07\/kinesioloogia-600-300x200.jpg 300w\" sizes=\"auto, (max-width: 600px) 100vw, 600px\" \/><\/figure>\n\n\n\n<h4 class=\"wp-block-heading has-text-align-center\"><strong><strong>Rakenduslik kinesioloogia<\/strong><\/strong><\/h4>\n\n\n\n<p class=\"has-text-align-center\"><strong><strong>Rakenduslik kinesioloogia<\/strong><\/strong> on \u00fcks efektiivsemaid vahendeid, kuidas lihastestimise abil leida \u00fcles kehas asuvad pinge- ja stressikohad ning neid erinevaid meetodeid kasutades korrigeerida. Kinesioloogias kasutatavad osteopaatia, kiropraktika ning hiina meditsiini elemendid toovad tervendust mitmel eri tasandil.<\/p>\n\n\n\n<div class=\"wp-block-buttons is-horizontal is-content-justification-center is-layout-flex wp-container-core-buttons-is-layout-03627597 wp-block-buttons-is-layout-flex\">\n<div class=\"wp-block-button is-style-outline is-style-outline--4\"><a class=\"wp-block-button__link wp-element-button\" href=\"https:\/\/t\u00f5nism\u00e4estuudio.ee\/?page_id=797\">registreeru<\/a><\/div>\n<\/div>\n<\/div>\n<\/div>\n\n\n\n<p><\/p>\n\n\n\n<div class=\"wp-block-columns is-layout-flex wp-container-core-columns-is-layout-28f84493 wp-block-columns-is-layout-flex\">\n<div class=\"wp-block-column is-layout-flow wp-block-column-is-layout-flow\">\n<div class=\"wp-block-uagb-image uagb-block-481a25a3 wp-block-uagb-image--layout-default wp-block-uagb-image--effect-static wp-block-uagb-image--align-none\"><figure class=\"wp-block-uagb-image__figure\"><a class=\"\" href=\"https:\/\/xn--tnismestuudio-ffb4w.ee\/?page_id=1048\" target=\"\" rel=\"noopener\"><img decoding=\"async\" srcset=\"https:\/\/xn--tnismestuudio-ffb4w.ee\/wp-content\/uploads\/2024\/09\/freepik-relaxing-massage-20240910162739syAI-1024x711.jpeg ,https:\/\/xn--tnismestuudio-ffb4w.ee\/wp-content\/uploads\/2024\/09\/freepik-relaxing-massage-20240910162739syAI.jpeg 780w, https:\/\/xn--tnismestuudio-ffb4w.ee\/wp-content\/uploads\/2024\/09\/freepik-relaxing-massage-20240910162739syAI.jpeg 360w\" sizes=\"auto, (max-width: 480px) 150px\" src=\"https:\/\/xn--tnismestuudio-ffb4w.ee\/wp-content\/uploads\/2024\/09\/freepik-relaxing-massage-20240910162739syAI-1024x711.jpeg\" alt=\"\" class=\"uag-image-1046\" width=\"1256\" height=\"872\" title=\"freepik-relaxing-massage-20240910162739syAI\" loading=\"lazy\" role=\"img\"\/><\/a><\/figure><\/div>\n\n\n\n<h4 class=\"wp-block-heading has-text-align-center\"><strong><strong>Massaa\u017e<\/strong><\/strong><\/h4>\n\n\n\n<p class=\"has-text-align-center\">Massaa\u017e on t\u00f5hus meetod stressi leevendamiseks ja \u00fcldise heaolu parandamiseks. See pakub v\u00f5imaluse keskenduda iseendale, aidates kehal taastuda ning energiavarusid t\u00e4iendada. Massaa\u017e soodustab tasakaalu ja s\u00fcgavat l\u00f5\u00f5gastust, olles oluline samm tervise hoidmisel ja taastamisel.&nbsp;<\/p>\n\n\n\n<p class=\"has-text-align-center\"><\/p>\n\n\n\n<div class=\"wp-block-buttons is-horizontal is-content-justification-center is-layout-flex wp-container-core-buttons-is-layout-03627597 wp-block-buttons-is-layout-flex\">\n<div class=\"wp-block-button is-style-outline is-style-outline--5\"><a class=\"wp-block-button__link wp-element-button\" href=\"https:\/\/xn--tnismestuudio-ffb4w.ee\/?page_id=1048\">registreeru<\/a><\/div>\n<\/div>\n<\/div>\n\n\n\n<div class=\"wp-block-column is-layout-flow wp-block-column-is-layout-flow\">\n<figure class=\"wp-block-image alignfull size-large\"><img loading=\"lazy\" decoding=\"async\" width=\"1024\" height=\"683\" src=\"https:\/\/xn--tnismestuudio-ffb4w.ee\/wp-content\/uploads\/2023\/11\/Kaia_kehakool_pilt-1024x683.jpg\" alt=\"Kaia Kehakool, laste pilates \" class=\"wp-image-852\" srcset=\"https:\/\/xn--tnismestuudio-ffb4w.ee\/wp-content\/uploads\/2023\/11\/Kaia_kehakool_pilt-1024x683.jpg 1024w, https:\/\/xn--tnismestuudio-ffb4w.ee\/wp-content\/uploads\/2023\/11\/Kaia_kehakool_pilt-300x200.jpg 300w, https:\/\/xn--tnismestuudio-ffb4w.ee\/wp-content\/uploads\/2023\/11\/Kaia_kehakool_pilt-768x512.jpg 768w, https:\/\/xn--tnismestuudio-ffb4w.ee\/wp-content\/uploads\/2023\/11\/Kaia_kehakool_pilt-1536x1024.jpg 1536w, https:\/\/xn--tnismestuudio-ffb4w.ee\/wp-content\/uploads\/2023\/11\/Kaia_kehakool_pilt-2048x1365.jpg 2048w\" sizes=\"auto, (max-width: 1024px) 100vw, 1024px\" \/><\/figure>\n\n\n\n<h4 class=\"wp-block-heading has-text-align-center\"><strong>Kaia Kehakool<\/strong><\/h4>\n\n\n\n<p class=\"has-text-align-center\"><strong>Kaia Kehakool<\/strong> \u00f5petab tervislikku kehakasutust treeningutel ja selle rakendamist igap\u00e4evaelus. Eriline t\u00e4helepanu on lastel ja teismelistel, et olla teadlik \u00f5igest kehaasendist, kuidas hoida keha varakult painduvana ning kuidas \u00f5igesti  treenida. Lastetreeningutele on oodatud nii eelkooliealised kui koolinoored 15. eluaastani. <\/p>\n\n\n\n<div class=\"wp-block-buttons is-horizontal is-content-justification-center is-layout-flex wp-container-core-buttons-is-layout-03627597 wp-block-buttons-is-layout-flex\">\n<div class=\"wp-block-button is-style-outline is-style-outline--6\"><a class=\"wp-block-button__link wp-element-button\" href=\"https:\/\/t\u00f5nism\u00e4estuudio.ee\/?page_id=792\">registreeru<\/a><\/div>\n<\/div>\n<\/div>\n<\/div>\n\n\n\n<div class=\"wp-block-columns is-layout-flex wp-container-core-columns-is-layout-28f84493 wp-block-columns-is-layout-flex\">\n<div class=\"wp-block-column is-layout-flow wp-block-column-is-layout-flow\">\n<div class=\"wp-block-buttons is-horizontal is-content-justification-center is-layout-flex wp-container-core-buttons-is-layout-03627597 wp-block-buttons-is-layout-flex\"><\/div>\n<\/div>\n<\/div>\n<\/div><\/div>\n\n\n\n<div class=\"wp-block-columns is-layout-flex wp-container-core-columns-is-layout-28f84493 wp-block-columns-is-layout-flex\">\n<div class=\"wp-block-column is-layout-flow wp-block-column-is-layout-flow\"><\/div>\n\n\n\n<div class=\"wp-block-column is-layout-flow wp-block-column-is-layout-flow\"><\/div>\n<\/div>\n\n\n\n<video class=\"home-carousel__video-video\" id=\"video-bg-0c2d9a56-c308-4a42-9ed1-11ae183f3144\" src=\"https:\/\/cdn.shopify.com\/s\/files\/1\/0488\/8218\/8443\/files\/tenboutique-retail.mp4\" loop=\"true\" muted=\"true\" style=\"width: 100%; object-fit: fill;\" playsinline=\"true\" autoplay=\"true\"><\/video>\n","protected":false},"excerpt":{"rendered":"<p>T\u00f5nism\u00e4e stuudio Tere tulemast T\u00f5nism\u00e4e stuudiosse. Meie pilatese stuudio on koht, kus p\u00fchendume Sinu tervise ja vormi igak\u00fclgsele toetamisele. Pakume pilatese era- ja r\u00fchmatunde erinevatele tasemetele, mida t\u00e4iendavad professionaalsed osteopaatia- ja kinesioloogiateenused. Meie spetsialistid teevad tihedat koost\u00f6\u00f6d, et pakkuda Sulle parimat, l\u00e4htudes just Sinu vajadustest. Me usume, et tervis ja hea vorm on terviklik protsess, [&hellip;]<\/p>\n","protected":false},"author":2,"featured_media":0,"parent":0,"menu_order":0,"comment_status":"closed","ping_status":"closed","template":"","meta":{"_uag_custom_page_level_css":"","site-sidebar-layout":"no-sidebar","site-content-layout":"plain-container","ast-site-content-layout":"normal-width-container","site-content-style":"unboxed","site-sidebar-style":"unboxed","ast-global-header-display":"","ast-banner-title-visibility":"","ast-main-header-display":"","ast-hfb-above-header-display":"","ast-hfb-below-header-display":"","ast-hfb-mobile-header-display":"","site-post-title":"disabled","ast-breadcrumbs-content":"disabled","ast-featured-img":"disabled","footer-sml-layout":"","ast-disable-related-posts":"","theme-transparent-header-meta":"enabled","adv-header-id-meta":"","stick-header-meta":"","header-above-stick-meta":"","header-main-stick-meta":"","header-below-stick-meta":"","astra-migrate-meta-layouts":"set","ast-page-background-enabled":"default","ast-page-background-meta":{"desktop":{"background-color":"var(--ast-global-color-4)","background-image":"","background-repeat":"repeat","background-position":"center center","background-size":"auto","background-attachment":"scroll","background-type":"","background-media":"","overlay-type":"","overlay-color":"","overlay-opacity":"","overlay-gradient":""},"tablet":{"background-color":"","background-image":"","background-repeat":"repeat","background-position":"center center","background-size":"auto","background-attachment":"scroll","background-type":"","background-media":"","overlay-type":"","overlay-color":"","overlay-opacity":"","overlay-gradient":""},"mobile":{"background-color":"","background-image":"","background-repeat":"repeat","background-position":"center center","background-size":"auto","background-attachment":"scroll","background-type":"","background-media":"","overlay-type":"","overlay-color":"","overlay-opacity":"","overlay-gradient":""}},"ast-content-background-meta":{"desktop":{"background-color":"var(--ast-global-color-5)","background-image":"","background-repeat":"repeat","background-position":"center center","background-size":"auto","background-attachment":"scroll","background-type":"","background-media":"","overlay-type":"","overlay-color":"","overlay-opacity":"","overlay-gradient":""},"tablet":{"background-color":"var(--ast-global-color-5)","background-image":"","background-repeat":"repeat","background-position":"center center","background-size":"auto","background-attachment":"scroll","background-type":"","background-media":"","overlay-type":"","overlay-color":"","overlay-opacity":"","overlay-gradient":""},"mobile":{"background-color":"var(--ast-global-color-5)","background-image":"","background-repeat":"repeat","background-position":"center center","background-size":"auto","background-attachment":"scroll","background-type":"","background-media":"","overlay-type":"","overlay-color":"","overlay-opacity":"","overlay-gradient":""}},"footnotes":""},"class_list":["post-572","page","type-page","status-publish","hentry"],"uagb_featured_image_src":{"full":false,"thumbnail":false,"medium":false,"medium_large":false,"large":false,"1536x1536":false,"2048x2048":false},"uagb_author_info":{"display_name":"Madis Raidaru","author_link":"https:\/\/t\u00f5nism\u00e4estuudio.ee\/?author=2"},"uagb_comment_info":0,"uagb_excerpt":"T\u00f5nism\u00e4e stuudio Tere tulemast T\u00f5nism\u00e4e stuudiosse. Meie pilatese stuudio on koht, kus p\u00fchendume Sinu tervise ja vormi igak\u00fclgsele toetamisele. Pakume pilatese era- ja r\u00fchmatunde erinevatele tasemetele, mida t\u00e4iendavad professionaalsed osteopaatia- ja kinesioloogiateenused. Meie spetsialistid teevad tihedat koost\u00f6\u00f6d, et pakkuda Sulle parimat, l\u00e4htudes just Sinu vajadustest. Me usume, et tervis ja hea vorm on terviklik protsess,&hellip;","_links":{"self":[{"href":"https:\/\/t\u00f5nism\u00e4estuudio.ee\/index.php?rest_route=\/wp\/v2\/pages\/572","targetHints":{"allow":["GET"]}}],"collection":[{"href":"https:\/\/t\u00f5nism\u00e4estuudio.ee\/index.php?rest_route=\/wp\/v2\/pages"}],"about":[{"href":"https:\/\/t\u00f5nism\u00e4estuudio.ee\/index.php?rest_route=\/wp\/v2\/types\/page"}],"author":[{"embeddable":true,"href":"https:\/\/t\u00f5nism\u00e4estuudio.ee\/index.php?rest_route=\/wp\/v2\/users\/2"}],"replies":[{"embeddable":true,"href":"https:\/\/t\u00f5nism\u00e4estuudio.ee\/index.php?rest_route=%2Fwp%2Fv2%2Fcomments&post=572"}],"version-history":[{"count":57,"href":"https:\/\/t\u00f5nism\u00e4estuudio.ee\/index.php?rest_route=\/wp\/v2\/pages\/572\/revisions"}],"predecessor-version":[{"id":1065,"href":"https:\/\/t\u00f5nism\u00e4estuudio.ee\/index.php?rest_route=\/wp\/v2\/pages\/572\/revisions\/1065"}],"wp:attachment":[{"href":"https:\/\/t\u00f5nism\u00e4estuudio.ee\/index.php?rest_route=%2Fwp%2Fv2%2Fmedia&parent=572"}],"curies":[{"name":"wp","href":"https:\/\/api.w.org\/{rel}","templated":true}]}}