{"id":607,"date":"2021-06-18T08:38:00","date_gmt":"2021-06-18T08:38:00","guid":{"rendered":"https:\/\/xn--tnismestuudio-ffb4w.ee\/?page_id=607"},"modified":"2023-11-18T01:26:28","modified_gmt":"2023-11-17T23:26:28","slug":"classes","status":"publish","type":"page","link":"https:\/\/t\u00f5nism\u00e4estuudio.ee\/?page_id=607","title":{"rendered":"Classes"},"content":{"rendered":"\n<div class=\"wp-block-columns is-layout-flex wp-container-core-columns-is-layout-28f84493 wp-block-columns-is-layout-flex\">\n<div class=\"wp-block-column is-layout-flow wp-block-column-is-layout-flow\">\n<figure class=\"wp-block-image size-large\"><a href=\"https:\/\/t\u00f5nism\u00e4estuudio.ee\/?page_id=781\"><img loading=\"lazy\" decoding=\"async\" width=\"1024\" height=\"683\" src=\"https:\/\/xn--tnismestuudio-ffb4w.ee\/wp-content\/uploads\/2023\/11\/pilatese-treeningsusteem_ryhm_2-1024x683.jpg\" alt=\"Pilatese treenings\u00fcsteem seadmetel\" class=\"wp-image-869\" srcset=\"https:\/\/xn--tnismestuudio-ffb4w.ee\/wp-content\/uploads\/2023\/11\/pilatese-treeningsusteem_ryhm_2-1024x683.jpg 1024w, https:\/\/xn--tnismestuudio-ffb4w.ee\/wp-content\/uploads\/2023\/11\/pilatese-treeningsusteem_ryhm_2-300x200.jpg 300w, https:\/\/xn--tnismestuudio-ffb4w.ee\/wp-content\/uploads\/2023\/11\/pilatese-treeningsusteem_ryhm_2-768x512.jpg 768w, https:\/\/xn--tnismestuudio-ffb4w.ee\/wp-content\/uploads\/2023\/11\/pilatese-treeningsusteem_ryhm_2.jpg 1280w\" sizes=\"auto, (max-width: 1024px) 100vw, 1024px\" \/><\/a><\/figure>\n\n\n\n<h3 class=\"wp-block-heading\"><a href=\"https:\/\/t\u00f5nism\u00e4estuudio.ee\/?page_id=781\">Pilatese treenings\u00fcsteem<\/a><\/h3>\n\n\n\n<p><\/p>\n<\/div>\n\n\n\n<div class=\"wp-block-column is-layout-flow wp-block-column-is-layout-flow\">\n<figure class=\"wp-block-image size-large\"><a href=\"https:\/\/t\u00f5nism\u00e4estuudio.ee\/?page_id=809\"><img loading=\"lazy\" decoding=\"async\" width=\"1024\" height=\"683\" src=\"https:\/\/xn--tnismestuudio-ffb4w.ee\/wp-content\/uploads\/2023\/11\/pilates_shutter-1024x683.jpg\" alt=\"Pilatese grupitreeningud T\u00f5nism\u00e4e stuudios\" class=\"wp-image-850\" srcset=\"https:\/\/xn--tnismestuudio-ffb4w.ee\/wp-content\/uploads\/2023\/11\/pilates_shutter-1024x683.jpg 1024w, https:\/\/xn--tnismestuudio-ffb4w.ee\/wp-content\/uploads\/2023\/11\/pilates_shutter-300x200.jpg 300w, https:\/\/xn--tnismestuudio-ffb4w.ee\/wp-content\/uploads\/2023\/11\/pilates_shutter-768x512.jpg 768w, https:\/\/xn--tnismestuudio-ffb4w.ee\/wp-content\/uploads\/2023\/11\/pilates_shutter-1536x1024.jpg 1536w, https:\/\/xn--tnismestuudio-ffb4w.ee\/wp-content\/uploads\/2023\/11\/pilates_shutter-2048x1365.jpg 2048w\" sizes=\"auto, (max-width: 1024px) 100vw, 1024px\" \/><\/a><\/figure>\n\n\n\n<h3 class=\"wp-block-heading\"><a href=\"https:\/\/t\u00f5nism\u00e4estuudio.ee\/?page_id=809\">Pilatese r\u00fchmatreening<\/a><\/h3>\n<\/div>\n<\/div>\n\n\n\n<div class=\"wp-block-columns is-layout-flex wp-container-core-columns-is-layout-28f84493 wp-block-columns-is-layout-flex\">\n<div class=\"wp-block-column is-layout-flow wp-block-column-is-layout-flow\">\n<figure class=\"wp-block-image size-large\"><a href=\"https:\/\/t\u00f5nism\u00e4estuudio.ee\/?page_id=783\"><img loading=\"lazy\" decoding=\"async\" width=\"1024\" height=\"683\" src=\"https:\/\/xn--tnismestuudio-ffb4w.ee\/wp-content\/uploads\/2023\/11\/DSC9367-1024x683.jpg\" alt=\"Osteopaatia\" class=\"wp-image-893\" srcset=\"https:\/\/xn--tnismestuudio-ffb4w.ee\/wp-content\/uploads\/2023\/11\/DSC9367-1024x683.jpg 1024w, https:\/\/xn--tnismestuudio-ffb4w.ee\/wp-content\/uploads\/2023\/11\/DSC9367-300x200.jpg 300w, https:\/\/xn--tnismestuudio-ffb4w.ee\/wp-content\/uploads\/2023\/11\/DSC9367-768x512.jpg 768w, https:\/\/xn--tnismestuudio-ffb4w.ee\/wp-content\/uploads\/2023\/11\/DSC9367-1536x1024.jpg 1536w, https:\/\/xn--tnismestuudio-ffb4w.ee\/wp-content\/uploads\/2023\/11\/DSC9367-2048x1365.jpg 2048w\" sizes=\"auto, (max-width: 1024px) 100vw, 1024px\" \/><\/a><\/figure>\n\n\n\n<h3 class=\"wp-block-heading\"><a href=\"https:\/\/t\u00f5nism\u00e4estuudio.ee\/?page_id=783\">Osteopaatia<\/a><\/h3>\n\n\n\n<p><\/p>\n<\/div>\n\n\n\n<div class=\"wp-block-column is-layout-flow wp-block-column-is-layout-flow\">\n<figure class=\"wp-block-image size-large\"><a href=\"https:\/\/t\u00f5nism\u00e4estuudio.ee\/?page_id=797\"><img loading=\"lazy\" decoding=\"async\" width=\"1024\" height=\"683\" src=\"https:\/\/xn--tnismestuudio-ffb4w.ee\/wp-content\/uploads\/2023\/11\/testimine_henry-1024x683.jpg\" alt=\"Kinesioloogiline lihastestimine\" class=\"wp-image-896\" srcset=\"https:\/\/xn--tnismestuudio-ffb4w.ee\/wp-content\/uploads\/2023\/11\/testimine_henry-1024x683.jpg 1024w, https:\/\/xn--tnismestuudio-ffb4w.ee\/wp-content\/uploads\/2023\/11\/testimine_henry-300x200.jpg 300w, https:\/\/xn--tnismestuudio-ffb4w.ee\/wp-content\/uploads\/2023\/11\/testimine_henry-768x512.jpg 768w, https:\/\/xn--tnismestuudio-ffb4w.ee\/wp-content\/uploads\/2023\/11\/testimine_henry-1536x1024.jpg 1536w, https:\/\/xn--tnismestuudio-ffb4w.ee\/wp-content\/uploads\/2023\/11\/testimine_henry-2048x1365.jpg 2048w\" sizes=\"auto, (max-width: 1024px) 100vw, 1024px\" \/><\/a><\/figure>\n\n\n\n<h3 class=\"wp-block-heading\"><a href=\"https:\/\/t\u00f5nism\u00e4estuudio.ee\/?page_id=797\">Rakenduslik kinesioloogia<\/a><\/h3>\n<\/div>\n<\/div>\n\n\n\n<div class=\"wp-block-columns is-layout-flex wp-container-core-columns-is-layout-28f84493 wp-block-columns-is-layout-flex\">\n<div class=\"wp-block-column is-layout-flow wp-block-column-is-layout-flow\">\n<figure class=\"wp-block-image size-large\"><a href=\"https:\/\/t\u00f5nism\u00e4estuudio.ee\/?page_id=790\"><img loading=\"lazy\" decoding=\"async\" width=\"1024\" height=\"683\" src=\"https:\/\/xn--tnismestuudio-ffb4w.ee\/wp-content\/uploads\/2023\/11\/fusioteraapia_kaia_kathy-1024x683.jpg\" alt=\"f\u00fcsioteraapia\" class=\"wp-image-897\" srcset=\"https:\/\/xn--tnismestuudio-ffb4w.ee\/wp-content\/uploads\/2023\/11\/fusioteraapia_kaia_kathy-1024x683.jpg 1024w, https:\/\/xn--tnismestuudio-ffb4w.ee\/wp-content\/uploads\/2023\/11\/fusioteraapia_kaia_kathy-300x200.jpg 300w, https:\/\/xn--tnismestuudio-ffb4w.ee\/wp-content\/uploads\/2023\/11\/fusioteraapia_kaia_kathy-768x512.jpg 768w, https:\/\/xn--tnismestuudio-ffb4w.ee\/wp-content\/uploads\/2023\/11\/fusioteraapia_kaia_kathy-1536x1024.jpg 1536w, https:\/\/xn--tnismestuudio-ffb4w.ee\/wp-content\/uploads\/2023\/11\/fusioteraapia_kaia_kathy-2048x1365.jpg 2048w\" sizes=\"auto, (max-width: 1024px) 100vw, 1024px\" \/><\/a><\/figure>\n\n\n\n<h3 class=\"wp-block-heading\"><a href=\"https:\/\/t\u00f5nism\u00e4estuudio.ee\/?page_id=790\">F\u00fcsioteraapia<\/a><\/h3>\n\n\n\n<p><\/p>\n<\/div>\n\n\n\n<div class=\"wp-block-column is-layout-flow wp-block-column-is-layout-flow\">\n<figure class=\"wp-block-image size-large\"><a href=\"https:\/\/kaia.ee\"><img loading=\"lazy\" decoding=\"async\" width=\"1024\" height=\"663\" src=\"https:\/\/xn--tnismestuudio-ffb4w.ee\/wp-content\/uploads\/2023\/11\/image_2023-11-18_012202608-1024x663.png\" alt=\"\" class=\"wp-image-987\" srcset=\"https:\/\/xn--tnismestuudio-ffb4w.ee\/wp-content\/uploads\/2023\/11\/image_2023-11-18_012202608-1024x663.png 1024w, https:\/\/xn--tnismestuudio-ffb4w.ee\/wp-content\/uploads\/2023\/11\/image_2023-11-18_012202608-300x194.png 300w, https:\/\/xn--tnismestuudio-ffb4w.ee\/wp-content\/uploads\/2023\/11\/image_2023-11-18_012202608-768x497.png 768w, https:\/\/xn--tnismestuudio-ffb4w.ee\/wp-content\/uploads\/2023\/11\/image_2023-11-18_012202608-1536x995.png 1536w, https:\/\/xn--tnismestuudio-ffb4w.ee\/wp-content\/uploads\/2023\/11\/image_2023-11-18_012202608-2048x1326.png 2048w\" sizes=\"auto, (max-width: 1024px) 100vw, 1024px\" \/><\/a><\/figure>\n\n\n\n<h3 class=\"wp-block-heading\"><a href=\"https:\/\/kaia.ee\">Kaia kehakool<\/a><\/h3>\n<\/div>\n<\/div>\n","protected":false},"excerpt":{"rendered":"<p>Pilatese treenings\u00fcsteem Pilatese r\u00fchmatreening Osteopaatia Rakenduslik kinesioloogia F\u00fcsioteraapia Kaia kehakool<\/p>\n","protected":false},"author":2,"featured_media":0,"parent":0,"menu_order":0,"comment_status":"closed","ping_status":"closed","template":"","meta":{"_uag_custom_page_level_css":"","site-sidebar-layout":"no-sidebar","site-content-layout":"plain-container","ast-site-content-layout":"normal-width-container","site-content-style":"unboxed","site-sidebar-style":"unboxed","ast-global-header-display":"","ast-banner-title-visibility":"","ast-main-header-display":"","ast-hfb-above-header-display":"","ast-hfb-below-header-display":"","ast-hfb-mobile-header-display":"","site-post-title":"disabled","ast-breadcrumbs-content":"disabled","ast-featured-img":"disabled","footer-sml-layout":"","ast-disable-related-posts":"","theme-transparent-header-meta":"enabled","adv-header-id-meta":"","stick-header-meta":"","header-above-stick-meta":"","header-main-stick-meta":"","header-below-stick-meta":"","astra-migrate-meta-layouts":"set","ast-page-background-enabled":"default","ast-page-background-meta":{"desktop":{"background-color":"var(--ast-global-color-4)","background-image":"","background-repeat":"repeat","background-position":"center center","background-size":"auto","background-attachment":"scroll","background-type":"","background-media":"","overlay-type":"","overlay-color":"","overlay-opacity":"","overlay-gradient":""},"tablet":{"background-color":"","background-image":"","background-repeat":"repeat","background-position":"center center","background-size":"auto","background-attachment":"scroll","background-type":"","background-media":"","overlay-type":"","overlay-color":"","overlay-opacity":"","overlay-gradient":""},"mobile":{"background-color":"","background-image":"","background-repeat":"repeat","background-position":"center center","background-size":"auto","background-attachment":"scroll","background-type":"","background-media":"","overlay-type":"","overlay-color":"","overlay-opacity":"","overlay-gradient":""}},"ast-content-background-meta":{"desktop":{"background-color":"var(--ast-global-color-5)","background-image":"","background-repeat":"repeat","background-position":"center center","background-size":"auto","background-attachment":"scroll","background-type":"","background-media":"","overlay-type":"","overlay-color":"","overlay-opacity":"","overlay-gradient":""},"tablet":{"background-color":"var(--ast-global-color-5)","background-image":"","background-repeat":"repeat","background-position":"center center","background-size":"auto","background-attachment":"scroll","background-type":"","background-media":"","overlay-type":"","overlay-color":"","overlay-opacity":"","overlay-gradient":""},"mobile":{"background-color":"var(--ast-global-color-5)","background-image":"","background-repeat":"repeat","background-position":"center center","background-size":"auto","background-attachment":"scroll","background-type":"","background-media":"","overlay-type":"","overlay-color":"","overlay-opacity":"","overlay-gradient":""}},"footnotes":""},"class_list":["post-607","page","type-page","status-publish","hentry"],"uagb_featured_image_src":{"full":false,"thumbnail":false,"medium":false,"medium_large":false,"large":false,"1536x1536":false,"2048x2048":false},"uagb_author_info":{"display_name":"Madis Raidaru","author_link":"https:\/\/t\u00f5nism\u00e4estuudio.ee\/?author=2"},"uagb_comment_info":0,"uagb_excerpt":"Pilatese treenings\u00fcsteem Pilatese r\u00fchmatreening Osteopaatia Rakenduslik kinesioloogia F\u00fcsioteraapia Kaia kehakool","_links":{"self":[{"href":"https:\/\/t\u00f5nism\u00e4estuudio.ee\/index.php?rest_route=\/wp\/v2\/pages\/607","targetHints":{"allow":["GET"]}}],"collection":[{"href":"https:\/\/t\u00f5nism\u00e4estuudio.ee\/index.php?rest_route=\/wp\/v2\/pages"}],"about":[{"href":"https:\/\/t\u00f5nism\u00e4estuudio.ee\/index.php?rest_route=\/wp\/v2\/types\/page"}],"author":[{"embeddable":true,"href":"https:\/\/t\u00f5nism\u00e4estuudio.ee\/index.php?rest_route=\/wp\/v2\/users\/2"}],"replies":[{"embeddable":true,"href":"https:\/\/t\u00f5nism\u00e4estuudio.ee\/index.php?rest_route=%2Fwp%2Fv2%2Fcomments&post=607"}],"version-history":[{"count":5,"href":"https:\/\/t\u00f5nism\u00e4estuudio.ee\/index.php?rest_route=\/wp\/v2\/pages\/607\/revisions"}],"predecessor-version":[{"id":989,"href":"https:\/\/t\u00f5nism\u00e4estuudio.ee\/index.php?rest_route=\/wp\/v2\/pages\/607\/revisions\/989"}],"wp:attachment":[{"href":"https:\/\/t\u00f5nism\u00e4estuudio.ee\/index.php?rest_route=%2Fwp%2Fv2%2Fmedia&parent=607"}],"curies":[{"name":"wp","href":"https:\/\/api.w.org\/{rel}","templated":true}]}}