{"id":781,"date":"2022-07-18T13:13:40","date_gmt":"2022-07-18T10:13:40","guid":{"rendered":"https:\/\/t\u00f5nism\u00e4estuudio.ee\/?page_id=781"},"modified":"2023-11-17T17:45:09","modified_gmt":"2023-11-17T15:45:09","slug":"pilates","status":"publish","type":"page","link":"https:\/\/t\u00f5nism\u00e4estuudio.ee\/?page_id=781","title":{"rendered":"Pilatese treenings\u00fcsteem"},"content":{"rendered":"\n<figure class=\"wp-block-image size-large\"><img loading=\"lazy\" decoding=\"async\" width=\"1024\" height=\"683\" src=\"https:\/\/xn--tnismestuudio-ffb4w.ee\/wp-content\/uploads\/2023\/11\/pilatese-treeningsusteem_ryhm_2-1024x683.jpg\" alt=\"Pilatese treenings\u00fcsteem seadmetel\" class=\"wp-image-869\" srcset=\"https:\/\/xn--tnismestuudio-ffb4w.ee\/wp-content\/uploads\/2023\/11\/pilatese-treeningsusteem_ryhm_2-1024x683.jpg 1024w, https:\/\/xn--tnismestuudio-ffb4w.ee\/wp-content\/uploads\/2023\/11\/pilatese-treeningsusteem_ryhm_2-300x200.jpg 300w, https:\/\/xn--tnismestuudio-ffb4w.ee\/wp-content\/uploads\/2023\/11\/pilatese-treeningsusteem_ryhm_2-768x512.jpg 768w, https:\/\/xn--tnismestuudio-ffb4w.ee\/wp-content\/uploads\/2023\/11\/pilatese-treeningsusteem_ryhm_2.jpg 1280w\" sizes=\"auto, (max-width: 1024px) 100vw, 1024px\" \/><\/figure>\n\n\n\n<p><strong>Pilatese treenings\u00fcsteem<\/strong> on kogu keha h\u00f5lmav treening, mis sobib igas vanuses k\u00f5igile nii algajale kui profisportlasele. Treening toimub pilatese seadmetel, mis on kujundatud kogu keha lihastasakaalu arendamiseks, kasutades erinevaid asendeid ja harjutuste valikuid algtasemest kuni meistriklassini. Pilatese seadmete vedrud, rihmad ja gravitatsioon esitavad lihasgruppidele mitmek\u00fclgse v\u00e4ljakutse, keskendudes eriti s\u00fcvalihastele. <a href=\"https:\/\/pilatestallinn.ee\/images\/10.jpg\"><\/a><\/p>\n\n\n\n<h2 class=\"wp-block-heading\"><a href=\"https:\/\/pilatestallinn.ee\/miks-pilates\/miks-pilates\">Miks pilates?<\/a><\/h2>\n\n\n\n<ol class=\"wp-block-list\">\n<li>Pilatesega vabaned seljavaludest ja \u00f5pid \u00f5iget kehaasendit hoidma.<\/li>\n\n\n\n<li>Pilates \u00f5petab sind oma keha tundma ja valet r\u00fchiasendit m\u00e4rkama.<\/li>\n\n\n\n<li>Pilatese treenings\u00fcsteem l\u00e4htub p\u00f5him\u00f5ttest \u201cigale kehale oma treening\u201d ja on turvaline viis treenimiseks igas vanuses inimesele.<\/li>\n\n\n\n<li>Pilates on ideaalne treening istuva t\u00f6\u00f6ga v\u00f5i tihti sundasendites t\u00f6\u00f6tavale inimesele.<\/li>\n\n\n\n<li>Pilatese treenings\u00fcsteemi j\u00e4rjepidev harrastamine vormib treenijal atleetliku ja kauni r\u00fchi.<\/li>\n\n\n\n<li>T\u00e4nu personaalsusele on Pilatese treening parim viis erinevatest vigastustest taastumiseks.<\/li>\n\n\n\n<li>Pilates on hea viis rasedusaegseks treeninguks, kus treenitakse turvaliselt, kuid ometi v\u00e4ljakutset esitades Pilatese algtasemel. Fookuses on k\u00f5hu ja selja lihasgrupid, vaagnap\u00f5hja lihased ja \u00fclakeha tugevdavad ning rinnakut avavad harjutused.<\/li>\n\n\n\n<li>Pilateses pannakse r\u00f5hku diafragma-rinnakorvi hingamisele. See suurendab treenija kopsumahtu, mist\u00f5ttu oled v\u00f5imeline vastu pidama pikemaaegsetel pingutust n\u00f5udvatel sooritustel, olgu selleks jooksmine, rattas\u00f5it, treppidest k\u00f5ndimine v\u00f5i m\u00e4kke ronimine.<\/li>\n\n\n\n<li>Pilates on eelk\u00f5ige r\u00fchitreening, kus treenitakse seesmisi lihaseid. See on ideaalne viis hoida oma keha liikuv, painduv ja terve.<\/li>\n\n\n\n<li>Pilates on hea treenimisviis, kui soovid oma tulemusi parandada teistel spordialadel. Tihti on halbade soorituste p\u00f5hjuseks lihtsalt vale liikumismuster, mille keha on omandanud korduvate valede liigutuste k\u00e4igus. Korduva vale liikumismustriga v\u00f5i ka sundasenditega tekitatakse liigestes ja lihastes mikrotraumasid, mis j\u00e4tkudes tekitavad valulikke p\u00f5letikke v\u00f5i viivad juba suurema traumani, kus liikumisulatus on osaliselt v\u00f5i t\u00e4ielikult piiratud.<\/li>\n\n\n\n<li>Pilatesega saab oma lihast\u00f6\u00f6 v\u00f5imalikult \u00f6konoomseks ja toimima panna just need lihasgrupid, mis vastava soorituse jaoks vajalikud on. Tihti saab v\u00e4ltida diskitraumadest p\u00f5hjustatud operatsioone, treenides selja ja korsetipiirkonna lihaseid tugevamaks. Siis on v\u00f5imalik l\u00fclisammas tugevate lihaste abil korrektsesse r\u00fchiasendisse toestada.<\/li>\n\n\n\n<li>See s\u00fcsteem sobib igas vanuses ja kaalus inimestele kuna vastavalt treenija kehalistele v\u00f5imetele leitakse treenijale j\u00f5ukohane ja turvaline treenimisviis kust alustatakse ja tasapisi liigutakse aina keerulisemate kehalist sooritust n\u00f5udvate harjutuste poole.<\/li>\n\n\n\n<li>Pilates parandab ja arendab kordinatsiooni, kuna harjutused on kompleksed ja lisaks f\u00fc\u00fcsilisele pingutusele \u00f5pitakse paralleelselt kasutama erinevate ajupoolkerade vahelduvat t\u00f6\u00f6d.<\/li>\n\n\n\n<li>Pilatese treeningu ajal keskendud ja tood oma keha keskmesse, puhkad pead t\u00f6\u00f6m\u00f5tetest ja argip\u00e4eva muredest.<\/li>\n\n\n\n<li>Pilatesega treenid oma p\u00f5lved, puusad, l\u00fclisamba, \u00f5lad, randmed ja h\u00fcppeliigesed valuvabaks ja tugevaks.<\/li>\n\n\n\n<li>Pilatesega treenid oma l\u00fclisamba liikuvaks, painduvaks ja lIhaspingetest vabaks.<\/li>\n\n\n\n<li>Pilates on suurep\u00e4rane viis vabanemiseks stressist.<\/li>\n\n\n\n<li>Pilates taastab lihaste elastsuse.<\/li>\n\n\n\n<li>Pilates tasakaalustab sind vaimselt ja f\u00fc\u00fcsiliselt.<\/li>\n<\/ol>\n\n\n\n<p>Ettevaatust! See on s\u00f5ltuvust tekitav!<\/p>\n\n\n\n<div class=\"wp-block-columns is-layout-flex wp-container-core-columns-is-layout-28f84493 wp-block-columns-is-layout-flex\">\n<div class=\"wp-block-column is-layout-flow wp-block-column-is-layout-flow\" style=\"flex-basis:33.33%\">\n<figure class=\"wp-block-image alignfull size-large\"><img loading=\"lazy\" decoding=\"async\" width=\"683\" height=\"1024\" src=\"https:\/\/xn--tnismestuudio-ffb4w.ee\/wp-content\/uploads\/2023\/11\/kAIA__PORTRAIT-683x1024.jpg\" alt=\"Kaia Heinleht, pilatese \u00f5petaja\" class=\"wp-image-855\" style=\"object-fit:cover\"\/><\/figure>\n<\/div>\n\n\n\n<div class=\"wp-block-column is-layout-flow wp-block-column-is-layout-flow\" style=\"flex-basis:66.66%\">\n<h2 class=\"wp-block-heading\">Kaia Heinleht<\/h2>\n\n\n\n<ul class=\"wp-block-list\">\n<li><strong>1995-2014<\/strong>\u00a0FAF (Fitness Academy of Finland)<br>Aeroobika-j\u00f5usaali ja personaaltreenerikoolitused (Eesti\/Soome) <\/li>\n\n\n\n<li><strong>2009-2015<\/strong>\u00a0Pilates Studio Comprehensive 900 tundi Corpus Pilates (Belgia)<\/li>\n\n\n\n<li><strong>2018-2019<\/strong>\u00a0Master Teacher Kathy Corey Postgraduated Mentor Program (Saksamaa)<\/li>\n\n\n\n<li><strong>2015-2023<\/strong>\u00a0Kinesioloogia TFH (<em>Touch For Health<\/em>) \u00f5pingud<\/li>\n<\/ul>\n\n\n\n<p><a href=\"mailto:kaia@kaia.ee\">kaia(AT)kaia.ee<\/a><br>+372 518 5988<br><a href=\"https:\/\/kaia.ee\/\" data-type=\"link\" data-id=\"https:\/\/kaia.ee\/\">www.kaia.ee<\/a><\/p>\n<\/div>\n<\/div>\n\n\n\n<hr class=\"wp-block-separator has-alpha-channel-opacity\"\/>\n\n\n\n<div class=\"wp-block-columns is-layout-flex wp-container-core-columns-is-layout-28f84493 wp-block-columns-is-layout-flex\">\n<div class=\"wp-block-column is-layout-flow wp-block-column-is-layout-flow\" style=\"flex-basis:33.33%\">\n<figure class=\"wp-block-image alignfull size-large\"><img loading=\"lazy\" decoding=\"async\" width=\"683\" height=\"1024\" src=\"https:\/\/xn--tnismestuudio-ffb4w.ee\/wp-content\/uploads\/2023\/11\/Joyaphotography_20221010_5-683x1024.jpg\" alt=\"Kathy Uhtj\u00e4rv, pilatese \u00f5petaja\" class=\"wp-image-856\"\/><\/figure>\n<\/div>\n\n\n\n<div class=\"wp-block-column is-layout-flow wp-block-column-is-layout-flow\" style=\"flex-basis:66.66%\">\n<h2 class=\"wp-block-heading\">Kathy Uhtj\u00e4rv<\/h2>\n\n\n\n<ul class=\"wp-block-list\">\n<li><strong>2015 -2018<\/strong> Erialane haridus: Corpus Pilates Studios Kelly Mckinnon , Kaisa Marran \/Comprehensive Pilates teacher training 920 h\/&nbsp;<br><a href=\"https:\/\/www.corpusstudios.com\/education\/\">https:\/\/www.corpusstudios.com\/education\/<\/a><\/li>\n\n\n\n<li><strong>2018-2019<\/strong> Erialane k\u00f5rgharidus: Postgraduate Program, Kathy Corey \/ Meistri\u00f5pe&nbsp;<br><a href=\"https:\/\/www.kathycoreypilates.com\/certification-programs\/\">https:\/\/www.kathycoreypilates.com\/certification-programs\/<\/a><br>L\u00f5put\u00f6\u00f6: \u201eL\u00fclisamba murdudega (T12-L5) kliendi treenimine. Liikumismustrite korrigeerimine 6 kuu v\u00e4ltel.&#8221;<\/li>\n\n\n\n<li><strong>2021<\/strong> Neuromuskulaarne massaa\u017e\/\/ Osteopaatia Akadeemia<\/li>\n\n\n\n<li><strong>2023<\/strong> &#8211; \u2026 Tallinna Tervishoiu K\u00f5rgkool, \u00f5enduse \u00f5ppekava<\/li>\n<\/ul>\n\n\n\n<p><a href=\"mailto:kathy.uhtjarv@gmail.com\">kathy.uhtjarv@gmail.com<\/a><br>+372 5698 5191<br><a href=\"http:\/\/www.pilatestallinn.ee\/\">www.pilatestallinn.ee<\/a><\/p>\n<\/div>\n<\/div>\n\n\n\n<hr class=\"wp-block-separator has-alpha-channel-opacity\"\/>\n\n\n\n<div class=\"wp-block-columns is-layout-flex wp-container-core-columns-is-layout-28f84493 wp-block-columns-is-layout-flex\">\n<div class=\"wp-block-column is-layout-flow wp-block-column-is-layout-flow\"><\/div>\n\n\n\n<div class=\"wp-block-column is-layout-flow wp-block-column-is-layout-flow\"><\/div>\n<\/div>\n","protected":false},"excerpt":{"rendered":"<p>Pilatese treenings\u00fcsteem on kogu keha h\u00f5lmav treening, mis sobib igas vanuses k\u00f5igile nii algajale kui profisportlasele. Treening toimub pilatese seadmetel, mis on kujundatud kogu keha lihastasakaalu arendamiseks, kasutades erinevaid asendeid ja harjutuste valikuid algtasemest kuni meistriklassini. Pilatese seadmete vedrud, rihmad ja gravitatsioon esitavad lihasgruppidele mitmek\u00fclgse v\u00e4ljakutse, keskendudes eriti s\u00fcvalihastele. Miks pilates? Ettevaatust! See on s\u00f5ltuvust [&hellip;]<\/p>\n","protected":false},"author":2,"featured_media":0,"parent":0,"menu_order":0,"comment_status":"closed","ping_status":"closed","template":"","meta":{"_uag_custom_page_level_css":"","site-sidebar-layout":"default","site-content-layout":"","ast-site-content-layout":"default","site-content-style":"default","site-sidebar-style":"default","ast-global-header-display":"","ast-banner-title-visibility":"","ast-main-header-display":"","ast-hfb-above-header-display":"","ast-hfb-below-header-display":"","ast-hfb-mobile-header-display":"","site-post-title":"","ast-breadcrumbs-content":"","ast-featured-img":"","footer-sml-layout":"","ast-disable-related-posts":"","theme-transparent-header-meta":"","adv-header-id-meta":"","stick-header-meta":"","header-above-stick-meta":"","header-main-stick-meta":"","header-below-stick-meta":"","astra-migrate-meta-layouts":"set","ast-page-background-enabled":"default","ast-page-background-meta":{"desktop":{"background-color":"var(--ast-global-color-4)","background-image":"","background-repeat":"repeat","background-position":"center center","background-size":"auto","background-attachment":"scroll","background-type":"","background-media":"","overlay-type":"","overlay-color":"","overlay-opacity":"","overlay-gradient":""},"tablet":{"background-color":"","background-image":"","background-repeat":"repeat","background-position":"center center","background-size":"auto","background-attachment":"scroll","background-type":"","background-media":"","overlay-type":"","overlay-color":"","overlay-opacity":"","overlay-gradient":""},"mobile":{"background-color":"","background-image":"","background-repeat":"repeat","background-position":"center center","background-size":"auto","background-attachment":"scroll","background-type":"","background-media":"","overlay-type":"","overlay-color":"","overlay-opacity":"","overlay-gradient":""}},"ast-content-background-meta":{"desktop":{"background-color":"var(--ast-global-color-5)","background-image":"","background-repeat":"repeat","background-position":"center center","background-size":"auto","background-attachment":"scroll","background-type":"","background-media":"","overlay-type":"","overlay-color":"","overlay-opacity":"","overlay-gradient":""},"tablet":{"background-color":"var(--ast-global-color-5)","background-image":"","background-repeat":"repeat","background-position":"center center","background-size":"auto","background-attachment":"scroll","background-type":"","background-media":"","overlay-type":"","overlay-color":"","overlay-opacity":"","overlay-gradient":""},"mobile":{"background-color":"var(--ast-global-color-5)","background-image":"","background-repeat":"repeat","background-position":"center center","background-size":"auto","background-attachment":"scroll","background-type":"","background-media":"","overlay-type":"","overlay-color":"","overlay-opacity":"","overlay-gradient":""}},"footnotes":""},"class_list":["post-781","page","type-page","status-publish","hentry"],"uagb_featured_image_src":{"full":false,"thumbnail":false,"medium":false,"medium_large":false,"large":false,"1536x1536":false,"2048x2048":false},"uagb_author_info":{"display_name":"Madis Raidaru","author_link":"https:\/\/t\u00f5nism\u00e4estuudio.ee\/?author=2"},"uagb_comment_info":0,"uagb_excerpt":"Pilatese treenings\u00fcsteem on kogu keha h\u00f5lmav treening, mis sobib igas vanuses k\u00f5igile nii algajale kui profisportlasele. Treening toimub pilatese seadmetel, mis on kujundatud kogu keha lihastasakaalu arendamiseks, kasutades erinevaid asendeid ja harjutuste valikuid algtasemest kuni meistriklassini. Pilatese seadmete vedrud, rihmad ja gravitatsioon esitavad lihasgruppidele mitmek\u00fclgse v\u00e4ljakutse, keskendudes eriti s\u00fcvalihastele. Miks pilates? Ettevaatust! See on s\u00f5ltuvust&hellip;","_links":{"self":[{"href":"https:\/\/t\u00f5nism\u00e4estuudio.ee\/index.php?rest_route=\/wp\/v2\/pages\/781","targetHints":{"allow":["GET"]}}],"collection":[{"href":"https:\/\/t\u00f5nism\u00e4estuudio.ee\/index.php?rest_route=\/wp\/v2\/pages"}],"about":[{"href":"https:\/\/t\u00f5nism\u00e4estuudio.ee\/index.php?rest_route=\/wp\/v2\/types\/page"}],"author":[{"embeddable":true,"href":"https:\/\/t\u00f5nism\u00e4estuudio.ee\/index.php?rest_route=\/wp\/v2\/users\/2"}],"replies":[{"embeddable":true,"href":"https:\/\/t\u00f5nism\u00e4estuudio.ee\/index.php?rest_route=%2Fwp%2Fv2%2Fcomments&post=781"}],"version-history":[{"count":16,"href":"https:\/\/t\u00f5nism\u00e4estuudio.ee\/index.php?rest_route=\/wp\/v2\/pages\/781\/revisions"}],"predecessor-version":[{"id":984,"href":"https:\/\/t\u00f5nism\u00e4estuudio.ee\/index.php?rest_route=\/wp\/v2\/pages\/781\/revisions\/984"}],"wp:attachment":[{"href":"https:\/\/t\u00f5nism\u00e4estuudio.ee\/index.php?rest_route=%2Fwp%2Fv2%2Fmedia&parent=781"}],"curies":[{"name":"wp","href":"https:\/\/api.w.org\/{rel}","templated":true}]}}