{"id":783,"date":"2022-07-18T13:14:10","date_gmt":"2022-07-18T10:14:10","guid":{"rendered":"https:\/\/t\u00f5nism\u00e4estuudio.ee\/?page_id=783"},"modified":"2024-09-11T10:53:01","modified_gmt":"2024-09-11T07:53:01","slug":"osteopaatia","status":"publish","type":"page","link":"https:\/\/t\u00f5nism\u00e4estuudio.ee\/?page_id=783","title":{"rendered":"Osteopaatia"},"content":{"rendered":"\n<figure class=\"wp-block-image size-large\"><img loading=\"lazy\" decoding=\"async\" width=\"1024\" height=\"683\" src=\"https:\/\/xn--tnismestuudio-ffb4w.ee\/wp-content\/uploads\/2023\/11\/DSC9367-1024x683.jpg\" alt=\"Osteopaatia\" class=\"wp-image-893\" srcset=\"https:\/\/xn--tnismestuudio-ffb4w.ee\/wp-content\/uploads\/2023\/11\/DSC9367-1024x683.jpg 1024w, https:\/\/xn--tnismestuudio-ffb4w.ee\/wp-content\/uploads\/2023\/11\/DSC9367-300x200.jpg 300w, https:\/\/xn--tnismestuudio-ffb4w.ee\/wp-content\/uploads\/2023\/11\/DSC9367-768x512.jpg 768w, https:\/\/xn--tnismestuudio-ffb4w.ee\/wp-content\/uploads\/2023\/11\/DSC9367-1536x1024.jpg 1536w, https:\/\/xn--tnismestuudio-ffb4w.ee\/wp-content\/uploads\/2023\/11\/DSC9367-2048x1365.jpg 2048w\" sizes=\"auto, (max-width: 1024px) 100vw, 1024px\" \/><\/figure>\n\n\n\n<p><strong>Osteopaatia <\/strong>on terviklik ravimeetod, mis keskendub keha struktuuri ja funktsiooni omavahelisele seosele, kasutades manuaalseid tehnikaid luude, lihaste, liigeste ja sidekoe tasakaalu taastamiseks. See on vajalik, sest aitab parandada vereringet ja keha loomulikku v\u00f5imet ennast tervendada, leevendades pingeid ja valu ning toetades \u00fcldist heaolu.<\/p>\n\n\n\n<p>Osteopaatia\u00a0l\u00e4htub p\u00f5him\u00f5ttest, et inimese keha on isetervenev, et meie kehas on juba olemas suurep\u00e4rased eneseregulatsioonimehhanismid ning tervenemiseks tuleb need lihtsalt kasutusele v\u00f5tta. Meie organism p\u00fc\u00fcdleb ise alati paranemise poole ja v\u00f5tab siin meelsasti vastu teda abistava k\u00e4e teadliku puudutuse, et taastada oma valutut tasakaalu.<\/p>\n\n\n\n<div style=\"height:40px\" aria-hidden=\"true\" class=\"wp-block-spacer\"><\/div>\n\n\n\n<div class=\"wp-block-columns is-layout-flex wp-container-core-columns-is-layout-28f84493 wp-block-columns-is-layout-flex\">\n<div class=\"wp-block-column is-layout-flow wp-block-column-is-layout-flow\">\n<p>Osteopaat ongi see, kes aitab neid eneseregulatsiooni-mehhanisme taask\u00e4ivitada ja samas \u00fchtlustada organismi erinevaid s\u00fcgavamaid r\u00fctme ja liikumisi.<\/p>\n\n\n\n<p> Mairi ise j\u00f5udis ostepaatiani t\u00e4nu\u2026 osteopaatiale, mis aitas tal vabaneda aastaid vaevanud pearinglusest. T\u00e4naseks on Mairi l\u00f5petanud Ostepaatia Akadeemia Eestis, kuulub Balti Osteopaatide Assotsiatsiooni ning on valmis ka Sulle appi tulema, kui peaksid seda vajama.<\/p>\n\n\n\n<p>Osteopaat t\u00f6\u00f6tab keha eri tasanditel vastavalt teraapilisele vajadusele: n\u00e4rvis\u00fcsteemiga, fastsiatega, vere- ja l\u00fcmfiringega, kraniosakraals\u00fcsteemiga (kolju-ristluu telg), lihastega, liigestega, luudega, vistseraalse (siseorganid) piirkonnaga.<\/p>\n\n\n\n<figure class=\"wp-block-image size-full is-resized\"><img loading=\"lazy\" decoding=\"async\" width=\"464\" height=\"396\" src=\"https:\/\/xn--tnismestuudio-ffb4w.ee\/wp-content\/uploads\/2023\/11\/image003.png\" alt=\"\" class=\"wp-image-876\" style=\"object-fit:cover;width:200px;height:200px\" srcset=\"https:\/\/xn--tnismestuudio-ffb4w.ee\/wp-content\/uploads\/2023\/11\/image003.png 464w, https:\/\/xn--tnismestuudio-ffb4w.ee\/wp-content\/uploads\/2023\/11\/image003-300x256.png 300w\" sizes=\"auto, (max-width: 464px) 100vw, 464px\" \/><\/figure>\n\n\n\n<h2 class=\"wp-block-heading\">Mairi Sepp<\/h2>\n\n\n\n<p><em>D.O. Osteopaat<\/em><\/p>\n\n\n\n<p>Tel: + 372 523 8519<br><a href=\"mailto:mairi.sepp@online.ee\">mairi.sepp@online.ee<\/a><br><a href=\"https:\/\/osteopaatiateraapia.ee\/\" data-type=\"link\" data-id=\"https:\/\/osteopaatiateraapia.ee\/\">www.osteopaatiateraapia.ee<\/a><\/p>\n<\/div>\n\n\n\n<div class=\"wp-block-column is-layout-flow wp-block-column-is-layout-flow\">\n<p>Marina on tudeng-osteopaat, kes alustas iseseisvat t\u00f6\u00f6d kevadel 2022. Hetkel omandab Marina viimast aastat osteopaatia kraadi (D.O.), mis v\u00f5imaldab veelgi s\u00fcvitsi m\u00f5ista keha toimimist ja tasakaalu. Eesm\u00e4rk on leevendada lihaste ja luude pingeid, taastada liigeste ja sidekoeliste s\u00fcsteemide harmoonia ning toetada kogu organismi terviklikku toimimist.<\/p>\n\n\n\n<p>Osteopaatia aitab parandada vereringet, mis omakorda v\u00f5imaldab kehal toimida kergemini ja t\u00f5husamalt. Marina t\u00f6\u00f6tab nii akuutsete valuseisundite kui ka krooniliste probleemidega, sealhulgas erinevate diagnooside ja vanuser\u00fchmadega \u2013 beebidest eakateni. Iga s\u00fcmptom  kehas vajab t\u00e4helepanu ning osteopaatia pakub sellele anatoomiliselt l\u00e4bim\u00f5eldud ja struktureeritud l\u00e4henemist.<\/p>\n\n\n\n<div class=\"wp-block-uagb-image alignleft uagb-block-138be929 wp-block-uagb-image--layout-default wp-block-uagb-image--effect-static wp-block-uagb-image--align-left\"><figure class=\"wp-block-uagb-image__figure\"><img decoding=\"async\" srcset=\"https:\/\/xn--tnismestuudio-ffb4w.ee\/wp-content\/uploads\/2024\/09\/Marina_osteopaat-e1725987236425.jpg ,https:\/\/xn--tnismestuudio-ffb4w.ee\/wp-content\/uploads\/2024\/09\/Marina_osteopaat-e1725987236425.jpg 780w, https:\/\/xn--tnismestuudio-ffb4w.ee\/wp-content\/uploads\/2024\/09\/Marina_osteopaat-e1725987236425.jpg 360w\" sizes=\"auto, (max-width: 480px) 150px\" src=\"https:\/\/xn--tnismestuudio-ffb4w.ee\/wp-content\/uploads\/2024\/09\/Marina_osteopaat-e1725987236425.jpg\" alt=\"\" class=\"uag-image-1055\" width=\"200\" height=\"200\" title=\"Marina_osteopaat\" loading=\"lazy\" role=\"img\"\/><\/figure><\/div>\n\n\n\n<div style=\"height:13px\" aria-hidden=\"true\" class=\"wp-block-spacer\"><\/div>\n\n\n\n<h2 class=\"wp-block-heading\">Marina Kiisler <\/h2>\n\n\n\n<p><a href=\"mailto:Marina.kiisler@gmail.com\">Marina.kiisler@gmail.com<\/a><br>Sms: 517 7230<br>FB: Osteopaatiline vastuv\u00f5tt \u2013 Marina Kiisler<\/p>\n<\/div>\n<\/div>\n\n\n\n<ul class=\"wp-block-list\">\n<li><\/li>\n<\/ul>\n\n\n\n<div class=\"wp-block-columns is-layout-flex wp-container-core-columns-is-layout-28f84493 wp-block-columns-is-layout-flex\">\n<div class=\"wp-block-column is-layout-flow wp-block-column-is-layout-flow\" style=\"flex-basis:66.66%\">\n<p><\/p>\n\n\n\n<p><\/p>\n<\/div>\n<\/div>\n","protected":false},"excerpt":{"rendered":"<p>Osteopaatia on terviklik ravimeetod, mis keskendub keha struktuuri ja funktsiooni omavahelisele seosele, kasutades manuaalseid tehnikaid luude, lihaste, liigeste ja sidekoe tasakaalu taastamiseks. See on vajalik, sest aitab parandada vereringet ja keha loomulikku v\u00f5imet ennast tervendada, leevendades pingeid ja valu ning toetades \u00fcldist heaolu. Osteopaatia\u00a0l\u00e4htub p\u00f5him\u00f5ttest, et inimese keha on isetervenev, et meie kehas on juba [&hellip;]<\/p>\n","protected":false},"author":2,"featured_media":0,"parent":0,"menu_order":0,"comment_status":"closed","ping_status":"closed","template":"","meta":{"_uag_custom_page_level_css":"","site-sidebar-layout":"default","site-content-layout":"","ast-site-content-layout":"default","site-content-style":"default","site-sidebar-style":"default","ast-global-header-display":"","ast-banner-title-visibility":"","ast-main-header-display":"","ast-hfb-above-header-display":"","ast-hfb-below-header-display":"","ast-hfb-mobile-header-display":"","site-post-title":"","ast-breadcrumbs-content":"","ast-featured-img":"","footer-sml-layout":"","ast-disable-related-posts":"","theme-transparent-header-meta":"","adv-header-id-meta":"","stick-header-meta":"","header-above-stick-meta":"","header-main-stick-meta":"","header-below-stick-meta":"","astra-migrate-meta-layouts":"set","ast-page-background-enabled":"default","ast-page-background-meta":{"desktop":{"background-color":"var(--ast-global-color-4)","background-image":"","background-repeat":"repeat","background-position":"center center","background-size":"auto","background-attachment":"scroll","background-type":"","background-media":"","overlay-type":"","overlay-color":"","overlay-opacity":"","overlay-gradient":""},"tablet":{"background-color":"","background-image":"","background-repeat":"repeat","background-position":"center center","background-size":"auto","background-attachment":"scroll","background-type":"","background-media":"","overlay-type":"","overlay-color":"","overlay-opacity":"","overlay-gradient":""},"mobile":{"background-color":"","background-image":"","background-repeat":"repeat","background-position":"center center","background-size":"auto","background-attachment":"scroll","background-type":"","background-media":"","overlay-type":"","overlay-color":"","overlay-opacity":"","overlay-gradient":""}},"ast-content-background-meta":{"desktop":{"background-color":"var(--ast-global-color-5)","background-image":"","background-repeat":"repeat","background-position":"center center","background-size":"auto","background-attachment":"scroll","background-type":"","background-media":"","overlay-type":"","overlay-color":"","overlay-opacity":"","overlay-gradient":""},"tablet":{"background-color":"var(--ast-global-color-5)","background-image":"","background-repeat":"repeat","background-position":"center center","background-size":"auto","background-attachment":"scroll","background-type":"","background-media":"","overlay-type":"","overlay-color":"","overlay-opacity":"","overlay-gradient":""},"mobile":{"background-color":"var(--ast-global-color-5)","background-image":"","background-repeat":"repeat","background-position":"center center","background-size":"auto","background-attachment":"scroll","background-type":"","background-media":"","overlay-type":"","overlay-color":"","overlay-opacity":"","overlay-gradient":""}},"footnotes":""},"class_list":["post-783","page","type-page","status-publish","hentry"],"uagb_featured_image_src":{"full":false,"thumbnail":false,"medium":false,"medium_large":false,"large":false,"1536x1536":false,"2048x2048":false},"uagb_author_info":{"display_name":"Madis Raidaru","author_link":"https:\/\/t\u00f5nism\u00e4estuudio.ee\/?author=2"},"uagb_comment_info":0,"uagb_excerpt":"Osteopaatia on terviklik ravimeetod, mis keskendub keha struktuuri ja funktsiooni omavahelisele seosele, kasutades manuaalseid tehnikaid luude, lihaste, liigeste ja sidekoe tasakaalu taastamiseks. See on vajalik, sest aitab parandada vereringet ja keha loomulikku v\u00f5imet ennast tervendada, leevendades pingeid ja valu ning toetades \u00fcldist heaolu. Osteopaatia\u00a0l\u00e4htub p\u00f5him\u00f5ttest, et inimese keha on isetervenev, et meie kehas on juba&hellip;","_links":{"self":[{"href":"https:\/\/t\u00f5nism\u00e4estuudio.ee\/index.php?rest_route=\/wp\/v2\/pages\/783","targetHints":{"allow":["GET"]}}],"collection":[{"href":"https:\/\/t\u00f5nism\u00e4estuudio.ee\/index.php?rest_route=\/wp\/v2\/pages"}],"about":[{"href":"https:\/\/t\u00f5nism\u00e4estuudio.ee\/index.php?rest_route=\/wp\/v2\/types\/page"}],"author":[{"embeddable":true,"href":"https:\/\/t\u00f5nism\u00e4estuudio.ee\/index.php?rest_route=\/wp\/v2\/users\/2"}],"replies":[{"embeddable":true,"href":"https:\/\/t\u00f5nism\u00e4estuudio.ee\/index.php?rest_route=%2Fwp%2Fv2%2Fcomments&post=783"}],"version-history":[{"count":12,"href":"https:\/\/t\u00f5nism\u00e4estuudio.ee\/index.php?rest_route=\/wp\/v2\/pages\/783\/revisions"}],"predecessor-version":[{"id":1062,"href":"https:\/\/t\u00f5nism\u00e4estuudio.ee\/index.php?rest_route=\/wp\/v2\/pages\/783\/revisions\/1062"}],"wp:attachment":[{"href":"https:\/\/t\u00f5nism\u00e4estuudio.ee\/index.php?rest_route=%2Fwp%2Fv2%2Fmedia&parent=783"}],"curies":[{"name":"wp","href":"https:\/\/api.w.org\/{rel}","templated":true}]}}