{"id":792,"date":"2022-07-19T09:54:51","date_gmt":"2022-07-19T06:54:51","guid":{"rendered":"https:\/\/t\u00f5nism\u00e4estuudio.ee\/?page_id=792"},"modified":"2023-12-08T14:08:58","modified_gmt":"2023-12-08T12:08:58","slug":"psuhholoogia","status":"publish","type":"page","link":"https:\/\/t\u00f5nism\u00e4estuudio.ee\/?page_id=792","title":{"rendered":"Kaia Kehakool"},"content":{"rendered":"\n<p><strong>Kaia Kehakool<\/strong> \u00f5petab tervislikku kehakasutust treeningutel ja selle rakendamist igap\u00e4evaelus. Eriline t\u00e4helepanu on lastel ja teismelistel, et olla teadlik \u00f5igest kehaasendist, kuidas hoida keha varakult painduvana ning kuidas \u00f5igesti  treenida. Lastetreeningutele on oodatud nii eelkooliealised kui koolinoored 15. eluaastani. <\/p>\n\n\n\n<p>Kaia Heinleht<br>tel +372 518 5988<br>kaia@kaia.ee <br><a href=\"https:\/\/kaia.ee\/\" data-type=\"link\" data-id=\"https:\/\/kaia.ee\/\">www.kaia.ee<\/a><\/p>\n","protected":false},"excerpt":{"rendered":"<p>Kaia Kehakool \u00f5petab tervislikku kehakasutust treeningutel ja selle rakendamist igap\u00e4evaelus. Eriline t\u00e4helepanu on lastel ja teismelistel, et olla teadlik \u00f5igest kehaasendist, kuidas hoida keha varakult painduvana ning kuidas \u00f5igesti treenida. Lastetreeningutele on oodatud nii eelkooliealised kui koolinoored 15. eluaastani. Kaia Heinlehttel +372 518 5988kaia@kaia.ee www.kaia.ee<\/p>\n","protected":false},"author":2,"featured_media":0,"parent":0,"menu_order":0,"comment_status":"closed","ping_status":"closed","template":"","meta":{"_uag_custom_page_level_css":"","site-sidebar-layout":"default","site-content-layout":"","ast-site-content-layout":"default","site-content-style":"default","site-sidebar-style":"default","ast-global-header-display":"","ast-banner-title-visibility":"","ast-main-header-display":"","ast-hfb-above-header-display":"","ast-hfb-below-header-display":"","ast-hfb-mobile-header-display":"","site-post-title":"","ast-breadcrumbs-content":"","ast-featured-img":"","footer-sml-layout":"","ast-disable-related-posts":"","theme-transparent-header-meta":"","adv-header-id-meta":"","stick-header-meta":"","header-above-stick-meta":"","header-main-stick-meta":"","header-below-stick-meta":"","astra-migrate-meta-layouts":"set","ast-page-background-enabled":"default","ast-page-background-meta":{"desktop":{"background-color":"var(--ast-global-color-4)","background-image":"","background-repeat":"repeat","background-position":"center center","background-size":"auto","background-attachment":"scroll","background-type":"","background-media":"","overlay-type":"","overlay-color":"","overlay-opacity":"","overlay-gradient":""},"tablet":{"background-color":"","background-image":"","background-repeat":"repeat","background-position":"center center","background-size":"auto","background-attachment":"scroll","background-type":"","background-media":"","overlay-type":"","overlay-color":"","overlay-opacity":"","overlay-gradient":""},"mobile":{"background-color":"","background-image":"","background-repeat":"repeat","background-position":"center center","background-size":"auto","background-attachment":"scroll","background-type":"","background-media":"","overlay-type":"","overlay-color":"","overlay-opacity":"","overlay-gradient":""}},"ast-content-background-meta":{"desktop":{"background-color":"var(--ast-global-color-5)","background-image":"","background-repeat":"repeat","background-position":"center center","background-size":"auto","background-attachment":"scroll","background-type":"","background-media":"","overlay-type":"","overlay-color":"","overlay-opacity":"","overlay-gradient":""},"tablet":{"background-color":"var(--ast-global-color-5)","background-image":"","background-repeat":"repeat","background-position":"center center","background-size":"auto","background-attachment":"scroll","background-type":"","background-media":"","overlay-type":"","overlay-color":"","overlay-opacity":"","overlay-gradient":""},"mobile":{"background-color":"var(--ast-global-color-5)","background-image":"","background-repeat":"repeat","background-position":"center center","background-size":"auto","background-attachment":"scroll","background-type":"","background-media":"","overlay-type":"","overlay-color":"","overlay-opacity":"","overlay-gradient":""}},"footnotes":""},"class_list":["post-792","page","type-page","status-publish","hentry"],"uagb_featured_image_src":{"full":false,"thumbnail":false,"medium":false,"medium_large":false,"large":false,"1536x1536":false,"2048x2048":false},"uagb_author_info":{"display_name":"Madis Raidaru","author_link":"https:\/\/t\u00f5nism\u00e4estuudio.ee\/?author=2"},"uagb_comment_info":0,"uagb_excerpt":"Kaia Kehakool \u00f5petab tervislikku kehakasutust treeningutel ja selle rakendamist igap\u00e4evaelus. Eriline t\u00e4helepanu on lastel ja teismelistel, et olla teadlik \u00f5igest kehaasendist, kuidas hoida keha varakult painduvana ning kuidas \u00f5igesti treenida. Lastetreeningutele on oodatud nii eelkooliealised kui koolinoored 15. eluaastani. Kaia Heinlehttel +372 518 5988kaia@kaia.ee www.kaia.ee","_links":{"self":[{"href":"https:\/\/t\u00f5nism\u00e4estuudio.ee\/index.php?rest_route=\/wp\/v2\/pages\/792","targetHints":{"allow":["GET"]}}],"collection":[{"href":"https:\/\/t\u00f5nism\u00e4estuudio.ee\/index.php?rest_route=\/wp\/v2\/pages"}],"about":[{"href":"https:\/\/t\u00f5nism\u00e4estuudio.ee\/index.php?rest_route=\/wp\/v2\/types\/page"}],"author":[{"embeddable":true,"href":"https:\/\/t\u00f5nism\u00e4estuudio.ee\/index.php?rest_route=\/wp\/v2\/users\/2"}],"replies":[{"embeddable":true,"href":"https:\/\/t\u00f5nism\u00e4estuudio.ee\/index.php?rest_route=%2Fwp%2Fv2%2Fcomments&post=792"}],"version-history":[{"count":6,"href":"https:\/\/t\u00f5nism\u00e4estuudio.ee\/index.php?rest_route=\/wp\/v2\/pages\/792\/revisions"}],"predecessor-version":[{"id":996,"href":"https:\/\/t\u00f5nism\u00e4estuudio.ee\/index.php?rest_route=\/wp\/v2\/pages\/792\/revisions\/996"}],"wp:attachment":[{"href":"https:\/\/t\u00f5nism\u00e4estuudio.ee\/index.php?rest_route=%2Fwp%2Fv2%2Fmedia&parent=792"}],"curies":[{"name":"wp","href":"https:\/\/api.w.org\/{rel}","templated":true}]}}